{"id":1555,"date":"2023-03-16T06:09:57","date_gmt":"2023-03-16T06:09:57","guid":{"rendered":"https:\/\/seabreezecaorle.it\/residence\/"},"modified":"2023-05-16T15:20:23","modified_gmt":"2023-05-16T15:20:23","slug":"residence","status":"publish","type":"page","link":"https:\/\/seabreezecaorle.it\/de\/residence\/","title":{"rendered":"Residence"},"content":{"rendered":"<p><div class=\"fusion-fullwidth fullwidth-box fusion-builder-row-1 fusion-flex-container has-pattern-background has-mask-background nonhundred-percent-fullwidth non-hundred-percent-height-scrolling\" style=\"--awb-border-radius-top-left:0px;--awb-border-radius-top-right:0px;--awb-border-radius-bottom-right:0px;--awb-border-radius-bottom-left:0px;--awb-padding-top:100px;--awb-padding-right-small:0px;--awb-padding-left-small:0px;\" ><div class=\"fusion-builder-row fusion-row fusion-flex-align-items-stretch fusion-flex-justify-content-center\" style=\"max-width:1248px;margin-left: calc(-4% \/ 2 );margin-right: calc(-4% \/ 2 );\"><div class=\"fusion-layout-column fusion_builder_column fusion-builder-column-0 fusion_builder_column_2_3 2_3 fusion-flex-column\" style=\"--awb-padding-right-small:30px;--awb-padding-left-small:30px;--awb-bg-size:cover;--awb-width-large:66.666666666667%;--awb-margin-top-large:0px;--awb-spacing-right-large:2.88%;--awb-margin-bottom-large:20px;--awb-spacing-left-large:2.88%;--awb-width-medium:66.666666666667%;--awb-order-medium:0;--awb-spacing-right-medium:2.88%;--awb-spacing-left-medium:2.88%;--awb-width-small:100%;--awb-order-small:0;--awb-spacing-right-small:1.92%;--awb-margin-bottom-small:0px;--awb-spacing-left-small:1.92%;\"><div class=\"fusion-column-wrapper fusion-column-has-shadow fusion-flex-justify-content-flex-start fusion-content-layout-column\"><div class=\"fusion-title title fusion-title-1 fusion-no-small-visibility fusion-sep-none fusion-title-center fusion-title-text fusion-title-size-three fusion-animated\" style=\"--awb-text-color:var(--awb-color4);--awb-margin-bottom-small:15px;--awb-font-size:40px;\" data-animationType=\"fadeInLeft\" data-animationDuration=\"0.3\" data-animationDelay=\"0.2\" data-animationOffset=\"top-into-view\"><h3 class=\"title-heading-center\" style=\"font-family:&quot;Montserrat&quot;;font-style:normal;font-weight:400;margin:0;font-size:1em;\">Leidenschaft, Technologie und Nachhaltigkeit im Dienste eines perfekten Urlaubs<\/h3><\/div><div class=\"fusion-title title fusion-title-2 fusion-no-medium-visibility fusion-no-large-visibility fusion-sep-none fusion-title-center fusion-title-text fusion-title-size-one\" style=\"--awb-text-color:var(--awb-color4);--awb-font-size:30px;\"><h1 class=\"title-heading-center\" style=\"font-family:&quot;Montserrat&quot;;font-style:normal;font-weight:400;margin:0;font-size:1em;\">Leidenschaft, Technologie und Nachhaltigkeit im Dienste eines perfekten Urlaubs<\/h1><\/div><div class=\"fusion-text fusion-text-1 fusion-animated\" style=\"--awb-content-alignment:center;\" data-animationType=\"fadeInLeft\" data-animationDuration=\"0.3\" data-animationDelay=\"0.2\" data-animationOffset=\"top-into-view\"><p>Residence Sea Breeze wurde aus der Leidenschaft f\u00fcr Architektur, der Liebe zum Detail und der Idee von Nachhaltigkeit und Innovation geboren. Die Struktur wurde nach eingehenden architektonischen und bioklimatischen Studien gebaut und beherbergt 13 Wohneinheiten, die in verschiedene Typen unterteilt sind, um die Bed\u00fcrfnisse jedes Gastes zu erf\u00fcllen. Residence Sea Breeze wurde neu gebaut und im Jahr 2023 fertiggestellt, wobei mehrere hochmoderne L\u00f6sungen integriert wurden.<\/p>\n<\/div><\/div><\/div><\/div><\/div><div class=\"fusion-fullwidth fullwidth-box fusion-builder-row-2 fusion-flex-container has-pattern-background has-mask-background nonhundred-percent-fullwidth non-hundred-percent-height-scrolling\" style=\"--link_hover_color: #278b77;--link_color: #278b77;--awb-background-position:right top;--awb-background-blend-mode:overlay;--awb-border-color:#ffffff;--awb-border-radius-top-left:0px;--awb-border-radius-top-right:0px;--awb-border-radius-bottom-right:0px;--awb-border-radius-bottom-left:0px;--awb-padding-top:100px;--awb-padding-bottom:100px;--awb-padding-top-medium:90px;--awb-padding-bottom-medium:90px;--awb-padding-top-small:80px;--awb-padding-bottom-small:80px;--awb-margin-bottom-medium:0px;--awb-background-color:#ffffff;\" id=\"who\" ><div class=\"fusion-builder-row fusion-row fusion-flex-align-items-center\" style=\"max-width:1248px;margin-left: calc(-4% \/ 2 );margin-right: calc(-4% \/ 2 );\"><div class=\"fusion-layout-column fusion_builder_column fusion-builder-column-1 fusion-flex-column fusion-animated\" style=\"--awb-bg-size:cover;--awb-width-large:52%;--awb-margin-top-large:0px;--awb-spacing-right-large:72px;--awb-margin-bottom-large:0px;--awb-spacing-left-large:3.6923076923077%;--awb-width-medium:50%;--awb-order-medium:0;--awb-spacing-right-medium:70px;--awb-spacing-left-medium:3.84%;--awb-width-small:100%;--awb-order-small:0;--awb-spacing-right-small:1.92%;--awb-spacing-left-small:1.92%;\" data-animationType=\"fadeInUp\" data-animationDuration=\"0.8\" data-animationOffset=\"top-into-view\"><div class=\"fusion-column-wrapper fusion-column-has-shadow fusion-flex-justify-content-flex-start fusion-content-layout-column\"><div class=\"fusion-image-element \" style=\"--awb-aspect-ratio: 100 \/ 119;--awb-margin-bottom-small:50px;--awb-caption-title-size:var(--h2_typography-font-size);--awb-caption-title-transform:var(--h2_typography-text-transform);--awb-caption-title-line-height:var(--h2_typography-line-height);--awb-caption-title-letter-spacing:var(--h2_typography-letter-spacing);\"><span class=\" fusion-imageframe imageframe-none imageframe-1 hover-type-none has-aspect-ratio\"><img decoding=\"async\" width=\"1000\" height=\"1000\" title=\"residence_giardini_verticali\" src=\"https:\/\/seabreezecaorle.it\/wp-content\/uploads\/2023\/04\/residence_giardini_verticali.jpg\" class=\"img-responsive wp-image-1062 img-with-aspect-ratio\" alt srcset=\"https:\/\/seabreezecaorle.it\/wp-content\/uploads\/2023\/04\/residence_giardini_verticali-200x200.jpg 200w, https:\/\/seabreezecaorle.it\/wp-content\/uploads\/2023\/04\/residence_giardini_verticali-400x400.jpg 400w, https:\/\/seabreezecaorle.it\/wp-content\/uploads\/2023\/04\/residence_giardini_verticali-600x600.jpg 600w, https:\/\/seabreezecaorle.it\/wp-content\/uploads\/2023\/04\/residence_giardini_verticali-800x800.jpg 800w, https:\/\/seabreezecaorle.it\/wp-content\/uploads\/2023\/04\/residence_giardini_verticali.jpg 1000w\" sizes=\"(max-width: 640px) 100vw, 600px\" \/><\/span><\/div><\/div><\/div><div class=\"fusion-layout-column fusion_builder_column fusion-builder-column-2 fusion-flex-column fusion-animated\" style=\"--awb-padding-bottom-medium:0px;--awb-bg-size:cover;--awb-width-large:48%;--awb-margin-top-large:0px;--awb-spacing-right-large:4%;--awb-margin-bottom-large:0px;--awb-spacing-left-large:55px;--awb-width-medium:50%;--awb-order-medium:0;--awb-spacing-right-medium:3.84%;--awb-spacing-left-medium:20px;--awb-width-small:100%;--awb-order-small:0;--awb-spacing-right-small:1.92%;--awb-spacing-left-small:20px;\" data-animationType=\"fadeInRight\" data-animationDuration=\"1.3\" data-animationOffset=\"top-into-view\"><div class=\"fusion-column-wrapper fusion-column-has-shadow fusion-flex-justify-content-flex-start fusion-content-layout-column\"><div class=\"fusion-title title fusion-title-3 fusion-no-small-visibility fusion-sep-none fusion-title-text fusion-title-size-three\" style=\"--awb-text-color:var(--awb-color6);--awb-margin-bottom-small:15px;--awb-font-size:40px;\"><h3 class=\"title-heading-left\" style=\"font-family:&quot;Montserrat&quot;;font-style:italic;font-weight:400;margin:0;font-size:1em;\">Fassadenbegr\u00fcnungen<\/h3><\/div><div class=\"fusion-title title fusion-title-4 fusion-no-medium-visibility fusion-no-large-visibility fusion-sep-none fusion-title-text fusion-title-size-one\" style=\"--awb-text-color:var(--awb-color6);--awb-font-size:30px;\"><h1 class=\"title-heading-left\" style=\"font-family:&quot;Montserrat&quot;;font-style:italic;font-weight:400;margin:0;font-size:1em;\">Fassadenbegr\u00fcnungen<\/h1><\/div><div class=\"fusion-text fusion-text-2 fusion-text-no-margin\" style=\"--awb-text-color:#091b18;--awb-margin-bottom:10px;\"><p>Auf den Terrassen der Wohnungen befinden sich wundersch\u00f6ne vertikale G\u00e4rten, die nicht nur eine entspannende Atmosph\u00e4re schaffen, sondern auch verschiedene Funktionen erf\u00fcllen und uns daran erinnern, wie funktionell die Natur ist.<\/p>\n<\/div><div class=\"fusion-separator fusion-full-width-sep\" style=\"align-self: center;margin-left: auto;margin-right: auto;margin-top:30px;margin-bottom:10px;width:100%;\"><div class=\"fusion-separator-border sep-single sep-solid\" style=\"--awb-height:20px;--awb-amount:20px;border-color:var(--awb-color3);border-top-width:1px;\"><\/div><\/div><ul style=\"--awb-item-padding-top:20px;--awb-item-padding-right:60px;--awb-item-padding-left:0px;--awb-iconcolor:var(--awb-color4);--awb-textcolor:#091b18;--awb-line-height:27.2px;--awb-icon-width:27.2px;--awb-icon-height:27.2px;--awb-icon-margin:11.2px;--awb-content-margin:38.4px;\" class=\"fusion-checklist fusion-checklist-1 type-icons\"><li class=\"fusion-li-item\" style=\"\"><span class=\"icon-wrapper circle-no\"><i class=\"fusion-li-icon fa-check fas\" aria-hidden=\"true\"><\/i><\/span><div class=\"fusion-li-item-content\">\n<p>Verringerung des W\u00e4rmeverlusts und Senkung der Lufttemperatur in der N\u00e4he von Gr\u00fcnfl\u00e4chen<\/p>\n<\/div><\/li><li class=\"fusion-li-item\" style=\"\"><span class=\"icon-wrapper circle-no\"><i class=\"fusion-li-icon fa-check fas\" aria-hidden=\"true\"><\/i><\/span><div class=\"fusion-li-item-content\">\n<p>Reduktion von sch\u00e4dlichen Chemikalien und Feinstaub durch die Emission von Sauerstoff durch Pflanzen<\/p>\n<\/div><\/li><li class=\"fusion-li-item\" style=\"\"><span class=\"icon-wrapper circle-no\"><i class=\"fusion-li-icon fa-check fas\" aria-hidden=\"true\"><\/i><\/span><div class=\"fusion-li-item-content\">\n<p>Absorption der L\u00e4rmausbreitung und Schutz der Biodiversit\u00e4t<\/p>\n<\/div><\/li><\/ul><\/div><\/div><\/div><\/div><div class=\"fusion-fullwidth fullwidth-box fusion-builder-row-3 fusion-flex-container has-pattern-background has-mask-background nonhundred-percent-fullwidth non-hundred-percent-height-scrolling\" style=\"--link_hover_color: #278b77;--link_color: #278b77;--awb-background-position:right top;--awb-background-blend-mode:overlay;--awb-border-color:#ffffff;--awb-border-radius-top-left:0px;--awb-border-radius-top-right:0px;--awb-border-radius-bottom-right:0px;--awb-border-radius-bottom-left:0px;--awb-padding-top:0px;--awb-padding-bottom:120px;--awb-padding-top-medium:0px;--awb-padding-bottom-medium:90px;--awb-padding-top-small:0px;--awb-padding-bottom-small:80px;--awb-margin-bottom-medium:0px;--awb-background-color:#ffffff;\" ><div class=\"fusion-builder-row fusion-row fusion-flex-align-items-center\" style=\"max-width:1248px;margin-left: calc(-4% \/ 2 );margin-right: calc(-4% \/ 2 );\"><div class=\"fusion-layout-column fusion_builder_column fusion-builder-column-3 fusion-flex-column fusion-animated\" style=\"--awb-padding-bottom-medium:0px;--awb-bg-size:cover;--awb-width-large:48%;--awb-margin-top-large:0px;--awb-spacing-right-large:55px;--awb-margin-bottom-large:0px;--awb-spacing-left-large:4%;--awb-width-medium:50%;--awb-order-medium:0;--awb-spacing-right-medium:55px;--awb-spacing-left-medium:20px;--awb-width-small:100%;--awb-order-small:1;--awb-spacing-right-small:55px;--awb-spacing-left-small:20px;\" data-animationType=\"fadeInLeft\" data-animationDuration=\"1.3\" data-animationOffset=\"top-into-view\"><div class=\"fusion-column-wrapper fusion-column-has-shadow fusion-flex-justify-content-flex-start fusion-content-layout-column\"><div class=\"fusion-title title fusion-title-5 fusion-no-small-visibility fusion-sep-none fusion-title-text fusion-title-size-three\" style=\"--awb-text-color:var(--awb-color6);--awb-margin-bottom-small:15px;--awb-font-size:40px;\"><h3 class=\"title-heading-left\" style=\"font-family:&quot;Montserrat&quot;;font-style:italic;font-weight:400;margin:0;font-size:1em;\">Kontrollierte mechanische L\u00fcftung und Energieeinsparung<\/h3><\/div><div class=\"fusion-title title fusion-title-6 fusion-no-medium-visibility fusion-no-large-visibility fusion-sep-none fusion-title-text fusion-title-size-one\" style=\"--awb-text-color:var(--awb-color6);--awb-font-size:30px;\"><h1 class=\"title-heading-left\" style=\"font-family:&quot;Montserrat&quot;;font-style:italic;font-weight:400;margin:0;font-size:1em;\">Kontrollierte mechanische L\u00fcftung und Energieeinsparung<\/h1><\/div><div class=\"fusion-text fusion-text-3 fusion-text-no-margin\" style=\"--awb-text-color:#091b18;--awb-margin-bottom:10px;\"><p>Residence Sea Breeze ist ein \u00e4u\u00dferst energiesparendes Geb\u00e4ude: Dank der kontrollierten mechanischen Bel\u00fcftung herrschen in den Wohnungen stets die ideale Temperatur, der richtige Feuchtigkeitsgrad und frische, saubere Luft.<\/p>\n<p>Wir haben uns daf\u00fcr entschieden, das Geb\u00e4ude nicht mit fossilen Brennstoffen zu versorgen, sondern Fotovoltaikanlagen und Erdw\u00e4rmesonden zu installieren. Dadurch kann Wasser mit einer h\u00f6heren Temperatur genutzt werden, indem sie aus dem Boden als geothermische Quelle gewonnen wird. Danach erm\u00f6glicht ein Luft- und Wassertauscher eine Vorheizung im Winter und eine Vork\u00fchlung im Sommer.<\/p>\n<\/div><\/div><\/div><div class=\"fusion-layout-column fusion_builder_column fusion-builder-column-4 fusion-flex-column fusion-animated\" style=\"--awb-bg-size:cover;--awb-width-large:52%;--awb-margin-top-large:0px;--awb-spacing-right-large:3.6923076923077%;--awb-margin-bottom-large:0px;--awb-spacing-left-large:72px;--awb-width-medium:50%;--awb-order-medium:0;--awb-spacing-right-medium:70px;--awb-spacing-left-medium:72px;--awb-width-small:100%;--awb-order-small:0;--awb-spacing-right-small:1.92%;--awb-spacing-left-small:1.92%;\" data-animationType=\"fadeInUp\" data-animationDuration=\"0.8\" data-animationOffset=\"top-into-view\"><div class=\"fusion-column-wrapper fusion-column-has-shadow fusion-flex-justify-content-flex-start fusion-content-layout-column\"><div class=\"fusion-image-element \" style=\"--awb-aspect-ratio: 100 \/ 119;--awb-margin-bottom-small:50px;--awb-caption-title-size:var(--h2_typography-font-size);--awb-caption-title-transform:var(--h2_typography-text-transform);--awb-caption-title-line-height:var(--h2_typography-line-height);--awb-caption-title-letter-spacing:var(--h2_typography-letter-spacing);\"><span class=\" fusion-imageframe imageframe-none imageframe-2 hover-type-none has-aspect-ratio\"><img decoding=\"async\" width=\"1000\" height=\"1000\" title=\"residence_ventilazione_meccanica\" src=\"https:\/\/seabreezecaorle.it\/wp-content\/uploads\/2023\/04\/residence_ventilazione_meccanica.jpg\" class=\"img-responsive wp-image-1064 img-with-aspect-ratio\" alt srcset=\"https:\/\/seabreezecaorle.it\/wp-content\/uploads\/2023\/04\/residence_ventilazione_meccanica-200x200.jpg 200w, https:\/\/seabreezecaorle.it\/wp-content\/uploads\/2023\/04\/residence_ventilazione_meccanica-400x400.jpg 400w, https:\/\/seabreezecaorle.it\/wp-content\/uploads\/2023\/04\/residence_ventilazione_meccanica-600x600.jpg 600w, https:\/\/seabreezecaorle.it\/wp-content\/uploads\/2023\/04\/residence_ventilazione_meccanica-800x800.jpg 800w, https:\/\/seabreezecaorle.it\/wp-content\/uploads\/2023\/04\/residence_ventilazione_meccanica.jpg 1000w\" sizes=\"(max-width: 640px) 100vw, 600px\" \/><\/span><\/div><\/div><\/div><\/div><\/div><div class=\"fusion-fullwidth fullwidth-box fusion-builder-row-4 fusion-flex-container has-pattern-background has-mask-background nonhundred-percent-fullwidth non-hundred-percent-height-scrolling\" style=\"--link_hover_color: #278b77;--link_color: #278b77;--awb-background-position:right top;--awb-background-blend-mode:overlay;--awb-border-color:#ffffff;--awb-border-radius-top-left:0px;--awb-border-radius-top-right:0px;--awb-border-radius-bottom-right:0px;--awb-border-radius-bottom-left:0px;--awb-padding-top:0px;--awb-padding-bottom:100px;--awb-padding-top-medium:90px;--awb-padding-bottom-medium:90px;--awb-padding-top-small:80px;--awb-padding-bottom-small:80px;--awb-margin-bottom-medium:0px;--awb-background-color:#ffffff;\" id=\"who\" ><div class=\"fusion-builder-row fusion-row fusion-flex-align-items-center\" style=\"max-width:1248px;margin-left: calc(-4% \/ 2 );margin-right: calc(-4% \/ 2 );\"><div class=\"fusion-layout-column fusion_builder_column fusion-builder-column-5 fusion-flex-column fusion-animated\" style=\"--awb-bg-size:cover;--awb-width-large:52%;--awb-margin-top-large:0px;--awb-spacing-right-large:72px;--awb-margin-bottom-large:0px;--awb-spacing-left-large:3.6923076923077%;--awb-width-medium:50%;--awb-order-medium:0;--awb-spacing-right-medium:70px;--awb-spacing-left-medium:3.84%;--awb-width-small:100%;--awb-order-small:0;--awb-spacing-right-small:1.92%;--awb-spacing-left-small:1.92%;\" data-animationType=\"fadeInUp\" data-animationDuration=\"0.8\" data-animationOffset=\"top-into-view\"><div class=\"fusion-column-wrapper fusion-column-has-shadow fusion-flex-justify-content-flex-start fusion-content-layout-column\"><div class=\"fusion-image-element \" style=\"--awb-aspect-ratio: 100 \/ 119;--awb-margin-bottom-small:50px;--awb-caption-title-size:var(--h2_typography-font-size);--awb-caption-title-transform:var(--h2_typography-text-transform);--awb-caption-title-line-height:var(--h2_typography-line-height);--awb-caption-title-letter-spacing:var(--h2_typography-letter-spacing);\"><span class=\" fusion-imageframe imageframe-none imageframe-3 hover-type-none has-aspect-ratio\"><img decoding=\"async\" width=\"1000\" height=\"1000\" title=\"residence_ecology\" src=\"https:\/\/seabreezecaorle.it\/wp-content\/uploads\/2023\/04\/residence_ecology.jpg\" class=\"img-responsive wp-image-1066 img-with-aspect-ratio\" alt srcset=\"https:\/\/seabreezecaorle.it\/wp-content\/uploads\/2023\/04\/residence_ecology-200x200.jpg 200w, https:\/\/seabreezecaorle.it\/wp-content\/uploads\/2023\/04\/residence_ecology-400x400.jpg 400w, https:\/\/seabreezecaorle.it\/wp-content\/uploads\/2023\/04\/residence_ecology-600x600.jpg 600w, https:\/\/seabreezecaorle.it\/wp-content\/uploads\/2023\/04\/residence_ecology-800x800.jpg 800w, https:\/\/seabreezecaorle.it\/wp-content\/uploads\/2023\/04\/residence_ecology.jpg 1000w\" sizes=\"(max-width: 640px) 100vw, 600px\" \/><\/span><\/div><\/div><\/div><div class=\"fusion-layout-column fusion_builder_column fusion-builder-column-6 fusion-flex-column fusion-animated\" style=\"--awb-padding-bottom-medium:0px;--awb-bg-size:cover;--awb-width-large:48%;--awb-margin-top-large:0px;--awb-spacing-right-large:4%;--awb-margin-bottom-large:0px;--awb-spacing-left-large:55px;--awb-width-medium:50%;--awb-order-medium:0;--awb-spacing-right-medium:3.84%;--awb-spacing-left-medium:20px;--awb-width-small:100%;--awb-order-small:0;--awb-spacing-right-small:1.92%;--awb-spacing-left-small:20px;\" data-animationType=\"fadeInRight\" data-animationDuration=\"1.3\" data-animationOffset=\"top-into-view\"><div class=\"fusion-column-wrapper fusion-column-has-shadow fusion-flex-justify-content-flex-start fusion-content-layout-column\"><div class=\"fusion-title title fusion-title-7 fusion-no-small-visibility fusion-sep-none fusion-title-text fusion-title-size-three\" style=\"--awb-text-color:var(--awb-color6);--awb-margin-bottom-small:15px;--awb-font-size:40px;\"><h3 class=\"title-heading-left\" style=\"font-family:&quot;Montserrat&quot;;font-style:italic;font-weight:400;margin:0;font-size:1em;\">W\u00e4hlen Sie die Nachhaltigkeit<\/h3><\/div><div class=\"fusion-title title fusion-title-8 fusion-no-medium-visibility fusion-no-large-visibility fusion-sep-none fusion-title-text fusion-title-size-one\" style=\"--awb-text-color:var(--awb-color6);--awb-font-size:30px;\"><h1 class=\"title-heading-left\" style=\"font-family:&quot;Montserrat&quot;;font-style:italic;font-weight:400;margin:0;font-size:1em;\">W\u00e4hlen Sie die Nachhaltigkeit<\/h1><\/div><div class=\"fusion-text fusion-text-4 fusion-text-no-margin\" style=\"--awb-text-color:#091b18;--awb-margin-bottom:10px;\"><p>Wir versuchen, auf unsere eigene Art, nachhaltige Entscheidungen zu treffen und das Bewusstsein der G\u00e4ste f\u00fcr die Bedeutung des Umweltschutzes zu sch\u00e4rfen.<br \/>\nW\u00e4hrend Ihres Aufenthalts erhalten Sie Flip-Flops aus nat\u00fcrlichem Bambus und eine Tasche aus Canvas, einem nat\u00fcrlichen und sehr strapazierf\u00e4higen Tuch: Verwenden Sie dieses Kit f\u00fcr Ihre Tage am Strand oder in unserem Solarium. Um Plastik zu reduzieren, verzichten wir auf Einweg-Toilettenartikel und stattdessen verwenden wir praktische Design-Spender mit nat\u00fcrlichen Seifen.<\/p>\n<p>Schlie\u00dflich verwenden wir in jeder Wohnung hygienische, hypoallergene, antimilbenwirksame und atmungsaktive Einwegmatratzenbez\u00fcge und -Kissenbez\u00fcge, die nach Gebrauch recycelt und wiederverwendet werden.<\/p>\n<\/div><div class=\"fusion-separator fusion-full-width-sep\" style=\"align-self: center;margin-left: auto;margin-right: auto;margin-top:30px;margin-bottom:40px;width:100%;\"><div class=\"fusion-separator-border sep-single sep-solid\" style=\"--awb-height:20px;--awb-amount:20px;border-color:var(--awb-color3);border-top-width:1px;\"><\/div><\/div><div class=\"fusion-builder-row fusion-builder-row-inner fusion-row fusion-flex-align-items-center\" style=\"width:104% !important;max-width:104% !important;margin-left: calc(-4% \/ 2 );margin-right: calc(-4% \/ 2 );\"><div class=\"fusion-layout-column fusion_builder_column_inner fusion-builder-nested-column-0 fusion_builder_column_inner_1_2 1_2 fusion-flex-column\" style=\"--awb-bg-size:cover;--awb-width-large:50%;--awb-margin-top-large:0px;--awb-spacing-right-large:3.84%;--awb-margin-bottom-large:0px;--awb-spacing-left-large:3.84%;--awb-width-medium:50%;--awb-order-medium:0;--awb-spacing-right-medium:3.84%;--awb-spacing-left-medium:3.84%;--awb-width-small:50%;--awb-order-small:0;--awb-spacing-right-small:3.84%;--awb-spacing-left-small:3.84%;\"><div class=\"fusion-column-wrapper fusion-column-has-shadow fusion-flex-justify-content-flex-start fusion-content-layout-column\"><div class=\"fusion-title title fusion-title-9 fusion-sep-none fusion-title-text fusion-title-size-two\" style=\"--awb-text-color:#091b18;--awb-margin-top:0px;--awb-margin-bottom:10px;--awb-sep-color:#d1d1d1;--awb-font-size:50px;\"><h2 class=\"title-heading-left\" style=\"font-family:&quot;Montserrat&quot;;font-style:normal;font-weight:600;margin:0;font-size:1em;text-transform:var(--awb-typography1-text-transform);line-height:1.2;\">100%<\/h2><\/div><div class=\"fusion-title title fusion-title-10 fusion-sep-none fusion-title-text fusion-title-size-six\" style=\"--awb-text-color:var(--awb-color4);--awb-margin-top:0px;--awb-margin-bottom:5px;--awb-sep-color:#d1d1d1;--awb-font-size:16px;\"><h6 class=\"title-heading-left awb-gradient-text\" style=\"font-family:&quot;Inter&quot;;font-style:normal;font-weight:700;margin:0;font-size:1em;text-transform:var(--awb-typography1-text-transform);background-color:var(--awb-color4);background-image:linear-gradient(140deg, var(--awb-color4) 0%,var(--awb-color4) 100%);line-height:1.2;\">nat\u00fcrliche Produkte<\/h6><\/div><\/div><\/div><div class=\"fusion-layout-column fusion_builder_column_inner fusion-builder-nested-column-1 fusion_builder_column_inner_1_2 1_2 fusion-flex-column\" style=\"--awb-bg-size:cover;--awb-width-large:50%;--awb-margin-top-large:0px;--awb-spacing-right-large:3.84%;--awb-margin-bottom-large:0px;--awb-spacing-left-large:3.84%;--awb-width-medium:50%;--awb-order-medium:0;--awb-spacing-right-medium:3.84%;--awb-spacing-left-medium:3.84%;--awb-width-small:50%;--awb-order-small:0;--awb-spacing-right-small:3.84%;--awb-spacing-left-small:3.84%;\"><div class=\"fusion-column-wrapper fusion-column-has-shadow fusion-flex-justify-content-flex-start fusion-content-layout-column\"><div class=\"fusion-title title fusion-title-11 fusion-sep-none fusion-title-text fusion-title-size-two\" style=\"--awb-text-color:#091b18;--awb-margin-top:0px;--awb-margin-bottom:10px;--awb-sep-color:#d1d1d1;--awb-font-size:50px;\"><h2 class=\"title-heading-left\" style=\"font-family:&quot;Montserrat&quot;;font-style:normal;font-weight:600;margin:0;font-size:1em;text-transform:var(--awb-typography1-text-transform);line-height:1.2;\">-90%<\/h2><\/div><div class=\"fusion-title title fusion-title-12 fusion-sep-none fusion-title-text fusion-title-size-six\" style=\"--awb-text-color:var(--awb-color4);--awb-margin-top:0px;--awb-margin-bottom:5px;--awb-sep-color:#d1d1d1;--awb-font-size:16px;\"><h6 class=\"title-heading-left awb-gradient-text\" style=\"font-family:&quot;Inter&quot;;font-style:normal;font-weight:700;margin:0;font-size:1em;text-transform:var(--awb-typography1-text-transform);background-color:var(--awb-color4);background-image:linear-gradient(140deg, var(--awb-color4) 0%,var(--awb-color4) 100%);line-height:1.2;\">Plastikgebrauch<\/h6><\/div><\/div><\/div><\/div><\/div><\/div><\/div><\/div><\/p>\n","protected":false},"excerpt":{"rendered":"","protected":false},"author":1,"featured_media":1060,"parent":0,"menu_order":0,"comment_status":"closed","ping_status":"closed","template":"100-width.php","meta":[],"_links":{"self":[{"href":"https:\/\/seabreezecaorle.it\/de\/wp-json\/wp\/v2\/pages\/1555"}],"collection":[{"href":"https:\/\/seabreezecaorle.it\/de\/wp-json\/wp\/v2\/pages"}],"about":[{"href":"https:\/\/seabreezecaorle.it\/de\/wp-json\/wp\/v2\/types\/page"}],"author":[{"embeddable":true,"href":"https:\/\/seabreezecaorle.it\/de\/wp-json\/wp\/v2\/users\/1"}],"replies":[{"embeddable":true,"href":"https:\/\/seabreezecaorle.it\/de\/wp-json\/wp\/v2\/comments?post=1555"}],"version-history":[{"count":5,"href":"https:\/\/seabreezecaorle.it\/de\/wp-json\/wp\/v2\/pages\/1555\/revisions"}],"predecessor-version":[{"id":1560,"href":"https:\/\/seabreezecaorle.it\/de\/wp-json\/wp\/v2\/pages\/1555\/revisions\/1560"}],"wp:featuredmedia":[{"embeddable":true,"href":"https:\/\/seabreezecaorle.it\/de\/wp-json\/wp\/v2\/media\/1060"}],"wp:attachment":[{"href":"https:\/\/seabreezecaorle.it\/de\/wp-json\/wp\/v2\/media?parent=1555"}],"curies":[{"name":"wp","href":"https:\/\/api.w.org\/{rel}","templated":true}]}}