{"id":1694,"date":"2022-08-19T14:57:45","date_gmt":"2022-08-19T14:57:45","guid":{"rendered":"https:\/\/seabreezecaorle.it\/datenschutz-bestimmungen\/"},"modified":"2023-05-17T14:00:47","modified_gmt":"2023-05-17T14:00:47","slug":"datenschutz-bestimmungen","status":"publish","type":"page","link":"https:\/\/seabreezecaorle.it\/de\/datenschutz-bestimmungen\/","title":{"rendered":"Datenschutz-Bestimmungen"},"content":{"rendered":"<p><div class=\"fusion-bg-parallax\" data-bg-align=\"center bottom\" data-direction=\"up\" data-mute=\"false\" data-opacity=\"100\" data-velocity=\"-0.3\" data-mobile-enabled=\"false\" data-break_parents=\"0\" data-bg-image=\"https:\/\/seabreezecaorle.it\/wp-content\/uploads\/2023\/04\/servizi_sea_breeze.jpg\" data-bg-repeat=\"false\" ><\/div><div class=\"fusion-fullwidth fullwidth-box fusion-builder-row-1 fusion-flex-container has-pattern-background has-mask-background fusion-parallax-up nonhundred-percent-fullwidth non-hundred-percent-height-scrolling\" style=\"--awb-background-position:center bottom;--awb-border-sizes-top:0px;--awb-border-sizes-bottom:0px;--awb-border-sizes-left:0px;--awb-border-sizes-right:0px;--awb-border-radius-top-left:0px;--awb-border-radius-top-right:0px;--awb-border-radius-bottom-right:0px;--awb-border-radius-bottom-left:0px;--awb-padding-top:0px;--awb-padding-bottom:100px;--awb-padding-top-small:70px;--awb-padding-bottom-small:40px;--awb-background-image:url(&quot;https:\/\/seabreezecaorle.it\/wp-content\/uploads\/2023\/04\/servizi_sea_breeze.jpg&quot;);--awb-background-size:cover;\" ><div class=\"fusion-builder-row fusion-row fusion-flex-align-items-flex-start\" style=\"max-width:1248px;margin-left: calc(-4% \/ 2 );margin-right: calc(-4% \/ 2 );\"><div class=\"fusion-layout-column fusion_builder_column fusion-builder-column-0 fusion_builder_column_1_1 1_1 fusion-flex-column fusion-no-small-visibility\" style=\"--awb-padding-top:10%;--awb-padding-right:10%;--awb-padding-bottom:10%;--awb-padding-left:10%;--awb-bg-blend:overlay;--awb-bg-size:cover;--awb-width-large:100%;--awb-margin-top-large:0px;--awb-spacing-right-large:1.92%;--awb-margin-bottom-large:20px;--awb-spacing-left-large:1.92%;--awb-width-medium:16.666666666667%;--awb-spacing-right-medium:11.52%;--awb-spacing-left-medium:11.52%;--awb-width-small:100%;--awb-spacing-right-small:1.92%;--awb-spacing-left-small:1.92%;\"><div class=\"fusion-column-wrapper fusion-flex-justify-content-flex-start fusion-content-layout-column\"><\/div><\/div><\/div><\/div><div class=\"fusion-fullwidth fullwidth-box fusion-builder-row-2 fusion-flex-container has-pattern-background has-mask-background nonhundred-percent-fullwidth non-hundred-percent-height-scrolling\" style=\"--awb-border-radius-top-left:0px;--awb-border-radius-top-right:0px;--awb-border-radius-bottom-right:0px;--awb-border-radius-bottom-left:0px;--awb-padding-top:30px;--awb-padding-bottom:20px;--awb-padding-right-small:0px;--awb-padding-left-small:0px;\" ><div class=\"fusion-builder-row fusion-row fusion-flex-align-items-stretch fusion-flex-justify-content-center\" style=\"max-width:1248px;margin-left: calc(-4% \/ 2 );margin-right: calc(-4% \/ 2 );\"><div class=\"fusion-layout-column fusion_builder_column fusion-builder-column-1 fusion_builder_column_2_3 2_3 fusion-flex-column\" style=\"--awb-padding-right-small:30px;--awb-padding-left-small:30px;--awb-bg-size:cover;--awb-width-large:66.666666666667%;--awb-margin-top-large:0px;--awb-spacing-right-large:2.88%;--awb-margin-bottom-large:20px;--awb-spacing-left-large:2.88%;--awb-width-medium:66.666666666667%;--awb-order-medium:0;--awb-spacing-right-medium:2.88%;--awb-spacing-left-medium:2.88%;--awb-width-small:100%;--awb-order-small:0;--awb-spacing-right-small:1.92%;--awb-margin-bottom-small:0px;--awb-spacing-left-small:1.92%;\"><div class=\"fusion-column-wrapper fusion-column-has-shadow fusion-flex-justify-content-flex-start fusion-content-layout-column\"><div class=\"fusion-title title fusion-title-1 fusion-sep-none fusion-title-center fusion-title-text fusion-title-size-three fusion-animated\" style=\"--awb-text-color:var(--awb-color4);--awb-margin-bottom-small:15px;--awb-font-size:40px;\" data-animationType=\"fadeInLeft\" data-animationDuration=\"0.3\" data-animationDelay=\"0.2\" data-animationOffset=\"top-into-view\"><h3 class=\"title-heading-center\" style=\"font-family:&quot;Montserrat&quot;;font-style:normal;font-weight:400;margin:0;font-size:1em;\">Cookies und Datenschutzrichtlinie<\/h3><\/div><div class=\"fusion-title title fusion-title-2 fusion-no-medium-visibility fusion-no-large-visibility fusion-sep-none fusion-title-center fusion-title-text fusion-title-size-one\" style=\"--awb-text-color:var(--awb-color4);--awb-font-size:30px;\"><h1 class=\"title-heading-center\" style=\"font-family:&quot;Montserrat&quot;;font-style:normal;font-weight:400;margin:0;font-size:1em;\">Cookies und Datenschutzrichtlinie<\/h1><\/div><div class=\"fusion-text fusion-text-1 fusion-animated\" style=\"--awb-content-alignment:justify;\" data-animationType=\"fadeInLeft\" data-animationDuration=\"0.3\" data-animationDelay=\"0.2\" data-animationOffset=\"top-into-view\"><p>Die Informationen auf der Website www.seabreezecaorle.it werden gem\u00e4\u00df den Artikeln bereitgestellt 13 der EU-Verordnung Nr. 2016\/679 (im Folgenden Verordnung oder DSGVO) zum Schutz nat\u00fcrlicher Personen bei der Verarbeitung personenbezogener Daten und des Gesetzesdekrets 196\/2003 und nachfolgende \u00c4nderungen und Erg\u00e4nzungen.<br \/>\nSea Breeze Caorle weist darauf hin, dass die Nutzung dieser Website daher die Verarbeitung personenbezogener Daten des Interessenten nur f\u00fcr die unten angegebenen Zwecke und mit den unten angegebenen Methoden beinhaltet.<\/p>\n<p>a) Datenverantwortlicher<br \/>\n1. Der Datenverantwortliche ist MDVISION S.r.l. (Umsatzsteuer-Identifikationsnummer 04769910276) mit Sitz in Caorle (VE), Strada Traghete, 74.<br \/>\n2. Die Kontaktdaten des Datenverantwortlichen lauten wie folgt: info@seabreezecaorle.it<\/p>\n<p>b) Zweck der Verarbeitung und Rechtsgrundlage der Verarbeitung:<br \/>\n1. Die von Ihnen beim Surfen auf der Website bereitgestellten personenbezogenen Daten (im Folgenden auch \u201eDaten\u201c) werden f\u00fcr die Bereitstellung von Diensten auf der Grundlage der Webschnittstelle zur Ver\u00f6ffentlichung und Konsultation von Webseiten mit informativem Charakter sowie in anonymer und aggregierter Form erhoben und verarbeitet Form und zu statistischen Zwecken sowie zur \u00dcberwachung der ordnungsgem\u00e4\u00dfen Funktion der Website.<br \/>\n2. Dar\u00fcber hinaus k\u00f6nnen Ihre personenbezogenen Daten auch f\u00fcr verschiedene Verarbeitungsvorg\u00e4nge (Aufbewahrung, Archivierung, Verarbeitung) verwendet werden, sofern dies in jedem Fall mit diesem Zweck vereinbar ist. Ihre personenbezogenen Daten k\u00f6nnen insbesondere zu folgenden Zwecken verarbeitet werden:<\/p>\n<p>I. Reagiere auf Informationsanfragen<br \/>\nII. Sch\u00e4tzungen formulieren<br \/>\nIII. die Bereitstellung der angeforderten Dienste erm\u00f6glichen<br \/>\nIV. gesetzliche Verpflichtungen erf\u00fcllen<br \/>\nV. auf Ihre spontane Zusendung Ihres Lebenslaufs reagieren<br \/>\nVI. (Marketing) zum Versenden, auch in regelm\u00e4\u00dfigen Abst\u00e4nden, beispielsweise in Form von Newslettern, Werbematerial, Direktverkauf, zur Durchf\u00fchrung von Marktforschung und\/oder kommerzieller und verkaufsf\u00f6rdernder Kommunikation, einschlie\u00dflich Einladungen zu Messen, Meetings, Schulungen, Wettbewerben und\/oder sonstige private\/\u00f6ffentliche Veranstaltungen zur F\u00f6rderung der Gesch\u00e4ftst\u00e4tigkeit des Unternehmens, die direkt vom Unternehmen oder \u00fcber externe Spezialunternehmen durchgef\u00fchrt werden. Dies kann entweder \u00fcber automatisierte Kontaktmethoden und somit per E-Mail, MMS oder SMS oder anderen Nachrichtenarten erfolgen. Die oben genannte Marketingaktivit\u00e4t kann von einem vom Datenverantwortlichen ausdr\u00fccklich benannten Unternehmen durchgef\u00fchrt werden, das als Verantwortlicher f\u00fcr die Verarbeitung der von Ihnen bereitgestellten Daten benannt wird.<\/p>\n<p>Die in den Schreiben genannte Rechtsgrundlage f\u00fcr die Verarbeitung personenbezogener Daten b) Punkt 2, I, II, III und IV ist der Art. 6.Absatz 1, Buchstabe b) und c) der Verordnung, da die Behandlungen f\u00fcr die Erbringung von Dienstleistungen, f\u00fcr die Ausf\u00fchrung des Vertrags, an dem der Interessent beteiligt ist, oder f\u00fcr die Durchf\u00fchrung vorvertraglicher Ma\u00dfnahmen oder f\u00fcr die Beantwortung von Anfragen des Interessenten erforderlich sind Dies stellt auch eine Behandlung dar, die zur Erf\u00fcllung einer gesetzlichen Verpflichtung des Datenverantwortlichen erforderlich ist. Die Bereitstellung personenbezogener Daten f\u00fcr diese Zwecke ist optional, aber die Nichtbereitstellung w\u00fcrde es unm\u00f6glich machen, die von der Website bereitgestellten Dienste zu aktivieren und auf Anfragen zu reagieren.<\/p>\n<p>Die Rechtsgrundlage f\u00fcr die Verarbeitung der Daten im Rahmen des in Buchstabe b), Punkt 2, V spontan \u00fcbermittelten Lebenslaufs ist Art. 6.Absatz 1, Buchstabe b) der Verordnung, da die Behandlungen f\u00fcr die Erbringung der vom Interessenten gew\u00fcnschten vorvertraglichen Ma\u00dfnahmen erforderlich sind.<br \/>\nDie Angabe personenbezogener Daten zu diesen Zwecken ist freiwillig, eine Nichtbereitstellung w\u00fcrde es jedoch unm\u00f6glich machen, auf die Anfrage des Interessenten zu antworten.<\/p>\n<p>Die Rechtsgrundlage f\u00fcr die Datenverarbeitung gem\u00e4\u00df lit. b), Punkt 2, VI ist die Kunst. 6, Absatz 2, lett. a) der Verordnung. Daten f\u00fcr diese Zwecke k\u00f6nnen mit ausdr\u00fccklicher und spezifischer Einwilligung verarbeitet werden. Die Erteilung der Einwilligung f\u00fcr diese Zwecke ist daher kostenlos und optional. Andernfalls beschr\u00e4nkt sich der Datenverantwortliche auf die Verarbeitung der Daten f\u00fcr die in den weiteren Punkten genannten Zwecke, unbeschadet der M\u00f6glichkeit, die Dienste in irgendeiner Weise zu nutzen. Auch wenn die Verarbeitung zu diesen Zwecken vorgesehen ist, kann sie jederzeit durch eine einfache Anfrage an den Datenverantwortlichen widerrufen werden.<\/p>\n<p>c) Verarbeitete Daten<br \/>\n1. Vom Nutzer freiwillig angegebene Daten<br \/>\nDie Website verarbeitet nur allgemeine Daten (z. B. Vor- und Nachname, E-Mail, Telefonnummer usw.).<br \/>\n2. Navigationsdaten<br \/>\nZu dieser Datenkategorie geh\u00f6ren die IP-Adressen oder Dom\u00e4nennamen der Computer, die von den Interessenten verwendet werden, die eine Verbindung zur Website herstellen, die Adressen der angeforderten Ressourcen, die Uhrzeit der Anfrage, die zum Senden der Anfrage an den Server verwendete Methode usw Gr\u00f6\u00dfe der als Antwort erhaltenen Datei, der numerische Code, der den Status der Antwort des Servers angibt (erfolgreich, Fehler usw.) und andere Parameter, die sich auf das Betriebssystem und die IT-Umgebung des Interessenten beziehen.<\/p>\n<p>d) Verarbeitungsmethoden<br \/>\nDie Verarbeitung Ihrer personenbezogenen Daten erfolgt mithilfe geeigneter Tools und Verfahren zur Gew\u00e4hrleistung von Sicherheit und Vertraulichkeit, sowohl unter Verwendung analoger\/Papiertr\u00e4ger als auch mithilfe von IT- und\/oder telematischen Tr\u00e4gern und Tools.<\/p>\n<p>e) Die Personen, an die die personenbezogenen Daten m\u00f6glicherweise Empf\u00e4nger sind<br \/>\nIhre personenbezogenen Daten werden ausschlie\u00dflich vom Datenverantwortlichen, den von ihm beauftragten Datenverarbeitern und den streng befugten Datenverarbeitern verarbeitet. Die aktualisierte Liste der Manager und ernannten Personen kann jederzeit zur Einsichtnahme beim Datenverantwortlichen angefordert werden.<br \/>\nIhre personenbezogenen Daten k\u00f6nnen im Anschluss an Inspektionen oder Kontrollen an alle Kontrollstellen weitergegeben werden, die f\u00fcr Kontrollen und Kontrollen hinsichtlich der Ordnungsm\u00e4\u00dfigkeit der gesetzlichen Verpflichtungen zust\u00e4ndig sind.<br \/>\nIhre personenbezogenen Daten k\u00f6nnen beispielsweise, aber nicht beschr\u00e4nkt auf, an Unternehmen\/professionelle Studios weitergegeben werden, die dem Datenverantwortlichen Unterst\u00fctzung, Beratung oder Zusammenarbeit in Buchhaltungs-, Verwaltungs-, Steuer-, Rechts-, Steuer-, Finanz- und Sozialversicherungsangelegenheiten bieten. im Zusammenhang mit der Begr\u00fcndung und Verwaltung des mit Ihnen bestehenden vertraglichen und\/oder vorvertraglichen Verh\u00e4ltnisses, an \u00f6ffentliche Verwaltungen zur Wahrnehmung institutioneller Aufgaben im Rahmen der durch Gesetze oder Verordnungen festgelegten Grenzen oder an dritte Dienstleister, zu denen die Kommunikation erforderlich ist die Erbringung der Dienstleistungen, die mit dem bestehenden Vertrags- und\/oder Vorvertragsverh\u00e4ltnis mit Ihnen verbunden sind, an andere Mitarbeiter und\/oder Mitarbeiter des Datenverantwortlichen f\u00fcr die Zeit, die f\u00fcr die Erf\u00fcllung ihrer Hilfs- und\/oder Nebenpflichten unbedingt erforderlich ist Die Ausf\u00fchrung der mit Ihnen bestehenden Beziehung steht stets unter der Kontrolle und Aufsicht des Datenverantwortlichen, der Datenverarbeiter und der streng autorisierten Datenverarbeiter. Ihre personenbezogenen Daten k\u00f6nnen an \u00f6ffentliche oder private Stellen weitergegeben werden, die gem\u00e4\u00df den Bestimmungen des Gesetzes oder der Verordnung oder gem\u00e4\u00df den Bestimmungen der Justizbeh\u00f6rde Zugriff auf personenbezogene Daten haben.<br \/>\nEine Weitergabe Ihrer personenbezogenen Daten erfolgt nicht, au\u00dfer in den F\u00e4llen, in denen Sie ausdr\u00fccklich und ausdr\u00fccklich eingewilligt haben. Im letzteren Fall ist die Verbreitung in jedem Fall eingeschr\u00e4nkt und richtet sich nach Ihrer ausdr\u00fccklichen Zustimmung in einer von Ihnen unterzeichneten Urkunde.<\/p>\n<p>f) Dauer der Datenspeicherung<br \/>\nIhre personenbezogenen Daten werden so lange gespeichert, wie es zur Beantwortung Ihrer Anfragen erforderlich ist, in jedem Fall jedoch nicht l\u00e4nger als 10 (zehn) Jahre, begrenzt und funktionell auf die Notwendigkeit, dem Unternehmen die m\u00f6gliche Aus\u00fcbung und den Schutz, gerichtliche und gerichtliche Zwecke gew\u00e4hrleisten zu k\u00f6nnen \/ oder au\u00dfergerichtlich, \u00fcber ihre Rechte und Interessen, die sich aus der mit Ihnen bestehenden Beziehung und \/ oder deren Gegenstand ergeben, verbunden oder damit verbunden sind.<br \/>\nDie in Papierform und nicht in Papierform erfassten Bewerberdaten werden katalogisiert und 12 Monate lang gespeichert. Nach Ablauf dieser Aufbewahrungsfrist, ohne dass die Einstellung des Bewerbers erfolgt ist, werden die Daten vernichtet.<br \/>\nDie f\u00fcr weitere optionale Zwecke (Marketingzwecke) verarbeiteten personenbezogenen Daten werden nach einer Frist von 5 Jahren gel\u00f6scht. Diese Frist gilt als angemessen, da es sich um Daten im Zusammenhang mit dem Verkauf der vertragsgegenst\u00e4ndlichen Waren handelt, sp\u00e4testens jedoch nach dem Widerruf der Einwilligung, die Rechtm\u00e4\u00dfigkeit der aufgrund der Einwilligung vor dem Widerruf erfolgten Verarbeitung bleibt davon unber\u00fchrt.<br \/>\nDie durch Cookies gesammelten Daten werden f\u00fcr den durch das einzelne Cookie festgelegten Zeitraum gespeichert. Weitere Informationen finden Sie in der Cookie-Richtlinie auf der Website.<\/p>\n<p>g) Vorhandensein eines automatisierten Entscheidungsprozesses<br \/>\nEs gibt keinen automatisierten Entscheidungsprozess.<\/p>\n<p>h) Absicht des Inhabers der Verarbeitung personenbezogener Daten<br \/>\nWenn der Datenverantwortliche Ihre personenbezogenen Daten in L\u00e4nder \u00fcbermittelt, die nicht zur EU oder jedenfalls nicht zum Europ\u00e4ischen Wirtschaftsraum (bestehend aus der Schweiz, Island, Liechtenstein und Norwegen) geh\u00f6ren, wird er wie folgt vorgehen.<br \/>\nIm Falle einer \u00dcbermittlung von Daten in die oben genannten Drittl\u00e4nder gew\u00e4hrleistet der Verantwortliche ein angemessenes Schutzniveau gem\u00e4\u00df Art. 45 Europ\u00e4ische Verordnung Nr. 679\/2016 und durch Art. 29-Datenschutzgruppe (die Kommission ist befugt, diese Angemessenheit durch eine spezifische Entscheidung festzustellen; siehe hierzu die Liste der Entscheidungen auf der Website des Garanten f\u00fcr den Schutz personenbezogener Daten www.garanteprivacy.it).<br \/>\nIn Ermangelung eines Angemessenheitsbeschlusses gem\u00e4\u00df Art. Gem\u00e4\u00df Artikel 45 der Europ\u00e4ischen Verordnung sorgt der f\u00fcr die Datenverarbeitung Verantwortliche f\u00fcr angemessene Garantien gem\u00e4\u00df den Artikeln 46 \u2013 47 der Europ\u00e4ischen Verordnung Nr. 679\/2016.<br \/>\nF\u00fcr den Fall schlie\u00dflich, dass kein Angemessenheitsbeschluss gem\u00e4\u00df Art. 45 der RE 679\/2016 oder angemessene Garantien gem\u00e4\u00df Art. Gem\u00e4\u00df Art. 46 der oben genannten Verordnung, einschlie\u00dflich verbindlicher Unternehmensvorschriften, ist die \u00dcbermittlung personenbezogener Daten in ein Land nur zul\u00e4ssig, sofern in bestimmten Situationen Ausnahmen gem\u00e4\u00df Art. 46 vorliegen. 49 der RE 679\/2016.<br \/>\nAlle Informationen zu den im vorstehenden Absatz genannten angemessenen Garantien sind in jedem Fall immer am Sitz des Datenverantwortlichen verf\u00fcgbar und k\u00f6nnen in jedem Fall unter der E-Mail-Adresse info@seabreezecaorle.it angefordert werden.<\/p>\n<p>i) Weiterleitung auf externe Seiten<br \/>\nDie Website verwendet das sogenannte Social Plug-ins, also spezielle Tools, mit denen Sie die Funktionen des sozialen Netzwerks direkt in eine Website einbinden k\u00f6nnen (z. B. den \u201eShare\u201c-Button von Facebook). Jedes der Social Plug-ins auf der Website ist durch das Logo der sozialen Plattform gekennzeichnet, in diesem Fall beispielsweise das Facebook-Logo. Wenn der Benutzer mit dem Social Plug-in interagiert, werden die Informationen \u00fcber den Interessenten direkt an die soziale Plattform \u00fcbermittelt, die die Daten als unabh\u00e4ngiger Eigent\u00fcmer verarbeitet. Um weitere Einzelheiten zu den Zwecken und Methoden der Verarbeitung zu erhalten, wird die Aus\u00fcbbare Rechte und die Speicherung personenbezogener Daten. Wir laden Sie ein, die Datenschutzbestimmungen der entsprechenden sozialen Netzwerke zu konsultieren.<\/p>\n<p>l) Rechte des Interessenten<br \/>\nBez\u00fcglich der im Rahmen dieser Informationen verarbeiteten personenbezogenen Daten haben Sie jederzeit das Recht:<\/p>\n<p>Zugang (Artikel 15 der EU-Verordnung Nr. 2016\/679): Der Datenverantwortliche garantiert das Recht auf Zugang zu den personenbezogenen Daten der betroffenen Person;<br \/>\nBerichtigung (Artikel 16 der EU-Verordnung Nr. 2016\/679): Der Datenverantwortliche sieht auf Antrag der betroffenen Partei die Berichtigung unrichtiger personenbezogener Daten ohne ungerechtfertigte Verz\u00f6gerung vor.<br \/>\nL\u00f6schung (Art. 17 EU-Verordnung Nr. 2016\/679): Der Datenverantwortliche l\u00f6scht die personenbezogenen Daten des Interessenten ohne ungerechtfertigte Verz\u00f6gerung, wenn: die personenbezogenen Daten f\u00fcr die Zwecke, f\u00fcr die sie erhoben oder verarbeitet wurden, nicht mehr erforderlich sind ; der Interessent widerruft die Einwilligung; Der Interessent widerspricht der Verarbeitung und es gibt keinen zwingenden berechtigten Grund, mit der Verarbeitung fortzufahren. die personenbezogenen Daten unrechtm\u00e4\u00dfig verarbeitet wurden.<br \/>\nEinschr\u00e4nkung (Artikel 18 der EU-Verordnung Nr. 2016\/679): Der Datenverantwortliche schr\u00e4nkt die Verarbeitung auf Antrag des Interessenten ein, wenn: der Interessent die Richtigkeit der Daten bestreitet; die Verarbeitung ist rechtswidrig und der Interessent lehnt die L\u00f6schung der Daten ab, verlangt aber die Einschr\u00e4nkung der Verarbeitung; die Daten sind f\u00fcr die Zwecke der Verarbeitung nicht mehr erforderlich, jedoch f\u00fcr die Beurteilung, Aus\u00fcbung und Verteidigung eines Rechts vor Gericht erforderlich; Der Interessent hat sich der Verarbeitung widersetzt und wartet darauf, dass die berechtigten Gr\u00fcnde des Datenverantwortlichen gegen\u00fcber denen des Interessenten \u00fcberwiegen.<br \/>\nPortabilit\u00e4t (Art. 20 EU-Verordnung Nr. 2016\/679): Unter Portabilit\u00e4t versteht man das Recht, vom Datenverantwortlichen Daten in einem strukturierten, allgemein verwendbaren und von einem automatischen Ger\u00e4t lesbaren Format zu erhalten, um sie ungehindert an einen anderen Datenverantwortlichen zu \u00fcbertragen.<br \/>\nWiderspruch gegen die Verarbeitung (Artikel 21 der EU-Verordnung Nr. 2016\/679): Der Interessent hat das Recht, jederzeit Widerspruch gegen die Verarbeitung der ihn betreffenden personenbezogenen Daten einzulegen.<br \/>\nSie k\u00f6nnen die Einwilligung jederzeit widerrufen, wenn sie f\u00fcr einen oder mehrere bestimmte Zwecke erteilt wurde, unbeschadet der Rechtm\u00e4\u00dfigkeit der Verarbeitung bis zum Widerruf der oben genannten Einwilligung.<br \/>\nEine Beschwerde bei der Datenschutzbeh\u00f6rde einreichen (Artikel 51 der EU-Verordnung Nr. 2016\/679).<br \/>\nDie Aus\u00fcbung der oben genannten Rechte kann durch schriftliche Mitteilung per E-Mail an info@seabreezecaorle.it oder per Einschreiben mit R\u00fcckschein an die folgende Adresse erfolgen: MDVISION S.r.l., Strada Traghete 74, 30021 Caorle (VE).<br \/>\nDer Datenverantwortliche wird daf\u00fcr sorgen, dass diese Informationen auf dem neuesten Stand bleiben.<\/p>\n<p>INFORMATIONEN ZUR VERWENDUNG VON COOKIES<br \/>\nUnsere Website verwendet zum besseren Funktionieren und zur Gew\u00e4hrleistung der von Dritten bereitgestellten Dienste technische Cookies.<\/p>\n<p>Technische Cookies werden ausschlie\u00dflich zum Zweck der \u00dcbertragung einer Kommunikation \u00fcber ein elektronisches Kommunikationsnetz oder als unbedingt erforderliche Cookies f\u00fcr den Anbieter eines Dienstes der Informationsgesellschaft verwendet, der vom Abonnenten oder Benutzer ausdr\u00fccklich zur Bereitstellung eines solchen Dienstes aufgefordert wird. Sie werden nicht f\u00fcr andere Zwecke verwendet und bei normaler Navigation auf unseren Seiten installiert. Sie k\u00f6nnen in Navigations- oder Sitzungscookies unterteilt werden, die eine normale Navigation und Nutzung der Website gew\u00e4hrleisten (um Ihnen die Durchf\u00fchrung eines Kaufs oder die Authentifizierung f\u00fcr den Zugriff auf eingeschr\u00e4nkte Bereiche zu erm\u00f6glichen); Funktionalit\u00e4ts-Cookies, die es dem Benutzer erm\u00f6glichen, nach einer Reihe ausgew\u00e4hlter Kriterien zu navigieren (z. B. Sprache, zum Kauf ausgew\u00e4hlte Produkte usw.), um den f\u00fcr ihn erbrachten Service zu verbessern. F\u00fcr die Installation dieser Cookies ist keine vorherige Zustimmung der Nutzer erforderlich, w\u00e4hrend die Verpflichtung zur Bereitstellung dieser Informationen gem\u00e4\u00df Art. 13 der EU-Verordnung 679\/16 zum Schutz personenbezogener Daten.<\/p>\n<p>Beim Surfen auf einer Website kann der Benutzer auch Cookies von verschiedenen Websites oder Webservern auf seinem Endger\u00e4t empfangen (sogenannte \u201eDrittanbieter\u201c-Cookies); Dies geschieht, weil auf der besuchten Website m\u00f6glicherweise Elemente wie Bilder, Karten, T\u00f6ne oder spezifische Links zu Webseiten anderer Dom\u00e4nen vorhanden sind, die sich auf anderen Servern als dem befinden, auf dem sich die angeforderte Seite befindet. Die Website von Sea Breeze Caorle verwendet Cookies von Drittanbietern, insbesondere Cookies von Google Analytics-Diensten (von Google verwendet, um Informationen in aggregierter Form \u00fcber die Anzahl der Benutzer und die Art und Weise, wie sie die Website besuchen, zu sammeln und dann bereitzustellen). Die durch den Cookie erzeugten Informationen \u00fcber die Nutzung der Website werden an Google Inc. \u00fcbermittelt. (Informationen zur Nutzung und m\u00f6glichen Deaktivierung finden Sie unter http:\/\/www.google.com\/analytics\/learn\/privacy)<\/p>\n<p>Die Website verwendet m\u00f6glicherweise auch Cookies von Drittanbietern von Facebook, Twitter und YouTube, die nicht auf den Servern der Website vorhanden sind und daher nicht an das Endger\u00e4t des Benutzers gesendet werden. Diese Cookies werden aktiviert, wenn der Benutzer auf das FB-, TW- oder YT-Symbol klickt, die entsprechenden Websites oder sozialen Netzwerke aufruft oder zugeh\u00f6rige API-Dienste nutzt. Weitere Informationen und die M\u00f6glichkeit, die Speicherung auf dem Endger\u00e4t des Nutzers zu deaktivieren, finden Sie unter www.facebook.com\/help\/cookies, twitter.com\/privacy und support.google.com\/youtube.<\/p>\n<\/div><\/div><\/div><\/div><\/div><\/p>\n","protected":false},"excerpt":{"rendered":"","protected":false},"author":1,"featured_media":0,"parent":0,"menu_order":0,"comment_status":"closed","ping_status":"open","template":"100-width.php","meta":[],"_links":{"self":[{"href":"https:\/\/seabreezecaorle.it\/de\/wp-json\/wp\/v2\/pages\/1694"}],"collection":[{"href":"https:\/\/seabreezecaorle.it\/de\/wp-json\/wp\/v2\/pages"}],"about":[{"href":"https:\/\/seabreezecaorle.it\/de\/wp-json\/wp\/v2\/types\/page"}],"author":[{"embeddable":true,"href":"https:\/\/seabreezecaorle.it\/de\/wp-json\/wp\/v2\/users\/1"}],"replies":[{"embeddable":true,"href":"https:\/\/seabreezecaorle.it\/de\/wp-json\/wp\/v2\/comments?post=1694"}],"version-history":[{"count":5,"href":"https:\/\/seabreezecaorle.it\/de\/wp-json\/wp\/v2\/pages\/1694\/revisions"}],"predecessor-version":[{"id":1699,"href":"https:\/\/seabreezecaorle.it\/de\/wp-json\/wp\/v2\/pages\/1694\/revisions\/1699"}],"wp:attachment":[{"href":"https:\/\/seabreezecaorle.it\/de\/wp-json\/wp\/v2\/media?parent=1694"}],"curies":[{"name":"wp","href":"https:\/\/api.w.org\/{rel}","templated":true}]}}